{"id":192,"date":"2024-12-15T12:15:49","date_gmt":"2024-12-15T12:15:49","guid":{"rendered":"https:\/\/www.neoortho.pl\/?page_id=192"},"modified":"2026-02-14T19:08:10","modified_gmt":"2026-02-14T19:08:10","slug":"o-nas-2","status":"publish","type":"page","link":"https:\/\/www.neoortho.pl\/index.php\/o-nas-2\/","title":{"rendered":"O nas"},"content":{"rendered":"<p>[et_pb_section fb_built=&#8221;1&#8243; admin_label=&#8221;Hero&#8221; _builder_version=&#8221;4.27.4&#8243; _module_preset=&#8221;default&#8221; use_background_color_gradient=&#8221;on&#8221; background_color_gradient_direction=&#8221;148deg&#8221; background_color_gradient_stops=&#8221;#ffffff 50%|rgba(255,255,255,0.85) 75%|rgba(255,255,255,0.36) 100%&#8221; background_color_gradient_overlays_image=&#8221;on&#8221; background_color_gradient_start=&#8221;rgba(0,0,0,0.5)&#8221; background_color_gradient_end=&#8221;rgba(0,0,0,0.75)&#8221; background_enable_image=&#8221;off&#8221; custom_margin=&#8221;||-60px|||&#8221; custom_padding=&#8221;||||false|false&#8221; locked=&#8221;off&#8221; collapsed=&#8221;on&#8221; global_colors_info=&#8221;{}&#8221;][et_pb_row column_structure=&#8221;1_2,1_2&#8243; _builder_version=&#8221;4.24.2&#8243; _module_preset=&#8221;5138c454-be54-4233-bd3b-f8e6a8747976&#8243; custom_padding=&#8221;||0px|||&#8221; locked=&#8221;off&#8221; global_colors_info=&#8221;{}&#8221;][et_pb_column type=&#8221;1_2&#8243; _builder_version=&#8221;4.23.1&#8243; _module_preset=&#8221;73121f80-a3ef-4484-8763-c3f18e3c56d2&#8243; global_colors_info=&#8221;{}&#8221;][et_pb_heading title=&#8221;O nas&#8221; _builder_version=&#8221;4.24.2&#8243; _module_preset=&#8221;f0c675ea-2574-4d0e-b725-30f8550a8550&#8243; title_text_color=&#8221;gcid-primary-color&#8221; locked=&#8221;off&#8221; global_colors_info=&#8221;{%22gcid-primary-color%22:%91%22title_text_color%22%93}&#8221;][\/et_pb_heading][et_pb_heading title=&#8221;Neo Ortho&#8221; _builder_version=&#8221;4.24.2&#8243; _module_preset=&#8221;ddeb8c09-9078-4424-bc15-2efb6572e28e&#8221; locked=&#8221;off&#8221; global_colors_info=&#8221;{}&#8221;][\/et_pb_heading][et_pb_heading title=&#8221;Pracownia Sztuki Ortopedycznej&#8221; _builder_version=&#8221;4.27.4&#8243; _module_preset=&#8221;default&#8221; global_colors_info=&#8221;{}&#8221;][\/et_pb_heading][et_pb_text _builder_version=&#8221;4.27.4&#8243; _module_preset=&#8221;2c55a9c4-feed-423b-9edb-ae0b5b365cac&#8221; locked=&#8221;off&#8221; global_colors_info=&#8221;{}&#8221;]<\/p>\n<h2 data-start=\"89\" data-end=\"136\"><\/h2>\n<p data-start=\"138\" data-end=\"453\"><strong data-start=\"138\" data-end=\"151\">Neo Ortho<\/strong> to rodzinna pracownia ortopedyczna, kt\u00f3ra powsta\u0142a z pasji do tworzenia wyrob\u00f3w \u0142\u0105cz\u0105cych <strong data-start=\"242\" data-end=\"284\">funkcjonalno\u015b\u0107, skuteczno\u015b\u0107 i estetyk\u0119<\/strong>. Nasz\u0105 specjalno\u015bci\u0105 s\u0105 indywidualnie wykonywane <strong data-start=\"334\" data-end=\"376\">ortezy i gorsety ortopedyczne<\/strong>, kt\u00f3re nie tylko wspieraj\u0105 zdrowie, ale r\u00f3wnie\u017c ciesz\u0105 oko swoim wygl\u0105dem.<\/p>\n<h3 data-start=\"455\" data-end=\"476\">Nasze podej\u015bcie<\/h3>\n<p data-start=\"477\" data-end=\"581\">W Neo Ortho wierzymy, \u017ce technika ortopedyczna to sztuka, kt\u00f3ra powinna \u0142\u0105czy\u0107 wymagania kliniczne z praktycznym zastosowaniem, spe\u0142niaj\u0105c indywidualne wymagania ka\u017cdego Pacjenta. Uwa\u017camy, \u017ce ka\u017cdy projekt nad kt\u00f3rym pracujemy jest wyj\u0105tkowy i pi\u0119kny, dlatego stawiamy na:<\/p>\n<ul data-start=\"582\" data-end=\"814\">\n<li data-start=\"582\" data-end=\"639\">\n<p data-start=\"584\" data-end=\"639\"><strong data-start=\"584\" data-end=\"619\">artystyczne i tw\u00f3rcze podej\u015bcie<\/strong> do projektowania,<\/p>\n<\/li>\n<li data-start=\"640\" data-end=\"694\">\n<p data-start=\"642\" data-end=\"694\"><strong data-start=\"642\" data-end=\"668\">nowoczesne technologie<\/strong> i sprawdzone materia\u0142y,<\/p>\n<\/li>\n<li data-start=\"695\" data-end=\"742\">\n<p data-start=\"697\" data-end=\"742\"><strong data-start=\"697\" data-end=\"739\">empati\u0119 i zrozumienie potrzeb pacjenta<\/strong>,<\/p>\n<\/li>\n<li data-start=\"743\" data-end=\"814\">\n<p data-start=\"745\" data-end=\"814\"><strong data-start=\"745\" data-end=\"770\">komfort i skuteczno\u015b\u0107<\/strong> w codziennym u\u017cytkowaniu naszych wyrob\u00f3w.<\/p>\n<\/li>\n<\/ul>\n<h3 data-start=\"816\" data-end=\"834\">Dlaczego my?<\/h3>\n<ul data-start=\"835\" data-end=\"1228\">\n<li data-start=\"835\" data-end=\"935\">\n<p data-start=\"837\" data-end=\"935\">ka\u017cdy projekt traktujemy indywidualnie \u2013 pacjent i jego potrzeby s\u0105 zawsze na pierwszym miejscu,<\/p>\n<\/li>\n<li data-start=\"936\" data-end=\"1034\">\n<p data-start=\"938\" data-end=\"1034\">zapewniamy mo\u017cliwo\u015b\u0107 <strong data-start=\"959\" data-end=\"977\">refundacji NFZ \u2013<\/strong> aby nasze rozwi\u0105zania by\u0142y jeszcze bardziej dost\u0119pne pomagamy w przygotowaniu dokument\u00f3w niezb\u0119dnych do uzyskania dodatkowej <strong>refundacji z PCPR<\/strong> (Powiatowe Centrum Pomocy rodzinie ) lub fundacji wspieraj\u0105cych finansowo Pacjent\u00f3w potrzebuj\u0105cych indywidualnych wyrob\u00f3w medycznych,<\/p>\n<\/li>\n<li data-start=\"1035\" data-end=\"1104\">\n<p data-start=\"1037\" data-end=\"1104\">dbamy o <strong data-start=\"1045\" data-end=\"1068\">przyjazn\u0105 atmosfer\u0119<\/strong> i partnersk\u0105 relacj\u0119 z pacjentem,<\/p>\n<\/li>\n<li data-start=\"1105\" data-end=\"1228\">\n<p data-start=\"1107\" data-end=\"1228\">nasz zesp\u00f3\u0142 to <strong data-start=\"1122\" data-end=\"1168\">wykwalifikowani i do\u015bwiadczeni specjali\u015bci<\/strong>, kt\u00f3rzy od lat \u0142\u0105cz\u0105 wiedz\u0119 techniczn\u0105 z pasj\u0105 tworzenia.<\/p>\n<\/li>\n<li data-start=\"1105\" data-end=\"1228\">\n<p data-start=\"1107\" data-end=\"1228\"><span>nasze wieloletnie <strong>do\u015bwiadczenie, wiedz\u0119 i praktyczne podej\u015bcie<\/strong> wykorzystujemy w codziennej pracy, <strong>wsp\u00f3\u0142pracuj\u0105c<\/strong> z fizjoterapeutami, lekarzami i terapeutami zaj\u0119ciowymi. Dzi\u0119ki temu tworzone przez nas produkty staj\u0105 si\u0119 integraln\u0105 <strong>cz\u0119\u015bci\u0105 kompleksowego procesu leczenia<\/strong> Pacjent\u00f3w.<\/span><\/p>\n<\/li>\n<\/ul>\n<p data-start=\"1230\" data-end=\"1353\">W Neo Ortho ortopedia to nie tylko nauka \u2013 to tak\u017ce sztuka, kt\u00f3rej celem jest poprawa jako\u015bci \u017cycia naszych pacjent\u00f3w.<br \/><span style=\"font-size: 16px; font-family: var(--et_global_body_font),serif;\"><\/span><\/p>\n<p data-start=\"1230\" data-end=\"1353\">\n<p data-start=\"1230\" data-end=\"1353\">\n<p data-start=\"1230\" data-end=\"1353\">\n<p>[\/et_pb_text][\/et_pb_column][et_pb_column type=&#8221;1_2&#8243; _builder_version=&#8221;4.23.1&#8243; _module_preset=&#8221;73121f80-a3ef-4484-8763-c3f18e3c56d2&#8243; global_colors_info=&#8221;{}&#8221;][et_pb_image src=&#8221;https:\/\/www.neoortho.pl\/wp-content\/uploads\/2024\/12\/64343591-copy.png&#8221; title_text=&#8221;64343591 copy&#8221; _builder_version=&#8221;4.27.4&#8243; _module_preset=&#8221;default&#8221; global_colors_info=&#8221;{}&#8221;][\/et_pb_image][et_pb_gallery gallery_ids=&#8221;494,481,482,483,484,485,486,487,488,489,490,491,492,493,495&#8243; posts_number=&#8221;8&#8243; show_title_and_caption=&#8221;off&#8221; _builder_version=&#8221;4.27.4&#8243; _module_preset=&#8221;default&#8221; min_height=&#8221;830.7px&#8221; custom_padding=&#8221;||4px|||&#8221; global_colors_info=&#8221;{}&#8221;][\/et_pb_gallery][et_pb_text _builder_version=&#8221;4.27.4&#8243; _module_preset=&#8221;default&#8221; global_colors_info=&#8221;{}&#8221;]<\/p>\n<h3 data-start=\"816\" data-end=\"834\" style=\"text-align: left;\">Nasz filozofia<\/h3>\n<h4 style=\"text-align: left;\">Trzy filary skutecznego dopasowania ortez<\/h4>\n<ul>\n<li style=\"text-align: left;\">korekcja \u2013 zapewnienie prawid\u0142owego ustawienia \u00a0 \u00a0 \u00a0 \u00a0 kostno-stawowego<\/li>\n<li style=\"text-align: left;\"><span style=\"font-size: 16px; font-family: var(--et_global_body_font),serif;\">funkcja \u2013 takie zaprojektowanie naszych produkt\u00f3w aby poprawia\u0142y ch\u00f3d lub umo\u017cliwia\u0142y nauk\u0119 kroczeni<\/span><span style=\"font-size: 16px; font-family: var(--et_global_body_font),serif;\"><\/span><\/li>\n<li style=\"text-align: left;\"><span style=\"font-size: 16px; font-family: var(--et_global_body_font),serif;\">komfort \u2013 taki dob\u00f3r materia\u0142\u00f3w i form aby stosowanie ortezy by\u0142o komfortowe przez 24h\/7<\/span><\/li>\n<\/ul>\n<p>[\/et_pb_text][\/et_pb_column][\/et_pb_row][\/et_pb_section][et_pb_section fb_built=&#8221;1&#8243; admin_label=&#8221;Team&#8221; _builder_version=&#8221;4.18.0&#8243; _module_preset=&#8221;default&#8221; min_height=&#8221;670.1px&#8221; locked=&#8221;off&#8221; collapsed=&#8221;on&#8221; global_colors_info=&#8221;{}&#8221;][et_pb_row _builder_version=&#8221;4.18.0&#8243; _module_preset=&#8221;5138c454-be54-4233-bd3b-f8e6a8747976&#8243; locked=&#8221;off&#8221; global_colors_info=&#8221;{}&#8221;][et_pb_column type=&#8221;4_4&#8243; _builder_version=&#8221;4.17.1&#8243; _module_preset=&#8221;73121f80-a3ef-4484-8763-c3f18e3c56d2&#8243; global_colors_info=&#8221;{}&#8221;][et_pb_heading title=&#8221;Nasz Zesp\u00f3\u0142&#8221; _builder_version=&#8221;4.24.2&#8243; _module_preset=&#8221;c33f07d9-41e0-421a-8799-5799df695cce&#8221; title_text_align=&#8221;center&#8221; global_colors_info=&#8221;{}&#8221;][\/et_pb_heading][et_pb_text _builder_version=&#8221;4.27.4&#8243; _module_preset=&#8221;2c55a9c4-feed-423b-9edb-ae0b5b365cac&#8221; text_orientation=&#8221;center&#8221; max_width=&#8221;800px&#8221; module_alignment=&#8221;center&#8221; locked=&#8221;off&#8221; global_colors_info=&#8221;{}&#8221;]<\/p>\n<p>Nasz zesp\u00f3\u0142 to grupa wykwalifikowanych specjalist\u00f3w, ortotyk\u00f3w, fizjoterapeut\u00f3w, technik\u00f3w ortopedycznych, kt\u00f3rzy z pasj\u0105 podchodz\u0105 do ka\u017cdego wyzwania. Dzi\u0119ki ich do\u015bwiadczeniu i wiedzy, jeste\u015bmy w stanie sprosta\u0107 oczekiwaniom nawet najbardziej wymagaj\u0105cych pacjent\u00f3w.<\/p>\n<p>[\/et_pb_text][\/et_pb_column][\/et_pb_row][et_pb_row column_structure=&#8221;1_5,1_5,1_5,1_5,1_5&#8243; _builder_version=&#8221;4.27.5&#8243; _module_preset=&#8221;5138c454-be54-4233-bd3b-f8e6a8747976&#8243; hover_enabled=&#8221;0&#8243; global_colors_info=&#8221;{}&#8221; make_equal=&#8221;on&#8221; width=&#8221;100%&#8221; max_width=&#8221;1260px&#8221; module_alignment=&#8221;center&#8221; sticky_enabled=&#8221;0&#8243;][et_pb_column type=&#8221;1_5&#8243; _builder_version=&#8221;4.17.1&#8243; _module_preset=&#8221;73121f80-a3ef-4484-8763-c3f18e3c56d2&#8243; global_colors_info=&#8221;{}&#8221;][et_pb_team_member name=&#8221;Krzysztof Krasowicz&#8221; position=&#8221;g\u0142\u00f3wny ortotyk fizjoterapeuta &#8221; image_url=&#8221;https:\/\/www.neoortho.pl\/wp-content\/uploads\/2025\/08\/bd92e8f5-e5d4-4be2-adc0-d01baedaaefc-\u2013-ze-zmianami.jpg&#8221; _builder_version=&#8221;4.27.5&#8243; _dynamic_attributes=&#8221;link_option_url&#8221; _module_preset=&#8221;d72acfcc-77a9-4562-9787-281e412bdede&#8221; header_font_size=&#8221;18px&#8221; custom_padding=&#8221;20px|20px|20px|20px|true|true&#8221; link_option_url=&#8221;@ET-DC@eyJkeW5hbWljIjp0cnVlLCJjb250ZW50IjoicG9zdF9saW5rX3VybF9wYWdlIiwic2V0dGluZ3MiOnsicG9zdF9pZCI6IjY4NSJ9fQ==@&#8221; header_font_size_tablet=&#8221;16px&#8221; header_font_size_phone=&#8221;16px&#8221; header_font_size_last_edited=&#8221;on|desktop&#8221; box_shadow_style=&#8221;preset1&#8243; box_shadow_vertical=&#8221;24px&#8221; box_shadow_blur=&#8221;72px&#8221; box_shadow_spread=&#8221;-12px&#8221; box_shadow_color=&#8221;rgba(0,0,0,0.12)&#8221; locked=&#8221;off&#8221; global_colors_info=&#8221;{%22gcid-36fd78a7-34bc-404d-873c-dafa34efaae5%22:%91%22icon_color%22,%22icon_color%22,%22icon_color%22,%22icon_color%22,%22icon_color%22,%22icon_color%22,%22icon_color%22,%22icon_color%22,%22icon_color%22,%22icon_color%22,%22icon_color%22,%22icon_color%22,%22icon_color%22,%22icon_color%22,%22icon_color%22,%22icon_color%22,%22icon_color%22,%22icon_color%22,%22icon_color%22,%22icon_color%22,%22icon_color%22,%22icon_color%22,%22icon_color%22,%22icon_color%22,%22icon_color%22,%22icon_color%22,%22icon_color%22,%22icon_color%22,%22icon_color%22,%22icon_color%22,%22icon_color%22,%22icon_color%22,%22icon_color%22,%22icon_color%22,%22icon_color%22,%22icon_color%22,%22icon_color%22,%22icon_color%22,%22icon_color%22,%22icon_color%22%93,%22gcid-7cadd8b3-5228-48e4-90c4-212d09232f7b%22:%91%22header_text_color%22,%22header_text_color%22,%22header_text_color%22,%22header_text_color%22,%22header_text_color%22,%22header_text_color%22,%22header_text_color%22,%22header_text_color%22,%22header_text_color%22,%22header_text_color%22,%22header_text_color%22,%22header_text_color%22%93,%22gcid-79b39b81-644f-4ab7-865f-b460373c4fde%22:%91%22position_text_color%22,%22position_text_color%22,%22position_text_color%22,%22position_text_color%22%93}&#8221;][\/et_pb_team_member][\/et_pb_column][et_pb_column type=&#8221;1_5&#8243; _builder_version=&#8221;4.27.5&#8243; _module_preset=&#8221;default&#8221; global_colors_info=&#8221;{}&#8221;][et_pb_team_member name=&#8221;Anna Cichocka&#8221; position=&#8221;starszy ortotyk fizjoterapeuta &#8221; image_url=&#8221;https:\/\/www.neoortho.pl\/wp-content\/uploads\/2026\/02\/WhatsApp-Image-2026-02-13-at-08.55.32-e1771090749330.jpeg&#8221; _builder_version=&#8221;4.27.5&#8243; _dynamic_attributes=&#8221;link_option_url&#8221; _module_preset=&#8221;d72acfcc-77a9-4562-9787-281e412bdede&#8221; header_font_size=&#8221;18px&#8221; custom_padding=&#8221;20px|20px|20px|20px|true|true&#8221; link_option_url=&#8221;@ET-DC@eyJkeW5hbWljIjp0cnVlLCJjb250ZW50IjoicG9zdF9saW5rX3VybF9wYWdlIiwic2V0dGluZ3MiOnsicG9zdF9pZCI6IjcxOSJ9fQ==@&#8221; hover_enabled=&#8221;0&#8243; header_font_size_tablet=&#8221;16px&#8221; header_font_size_phone=&#8221;16px&#8221; header_font_size_last_edited=&#8221;on|desktop&#8221; box_shadow_style=&#8221;preset1&#8243; box_shadow_vertical=&#8221;24px&#8221; box_shadow_blur=&#8221;72px&#8221; box_shadow_spread=&#8221;-12px&#8221; box_shadow_color=&#8221;rgba(0,0,0,0.12)&#8221; locked=&#8221;off&#8221; global_colors_info=&#8221;{%22gcid-36fd78a7-34bc-404d-873c-dafa34efaae5%22:%91%22icon_color%22,%22icon_color%22,%22icon_color%22,%22icon_color%22,%22icon_color%22,%22icon_color%22,%22icon_color%22,%22icon_color%22,%22icon_color%22,%22icon_color%22,%22icon_color%22,%22icon_color%22,%22icon_color%22,%22icon_color%22,%22icon_color%22,%22icon_color%22,%22icon_color%22,%22icon_color%22,%22icon_color%22,%22icon_color%22,%22icon_color%22,%22icon_color%22,%22icon_color%22,%22icon_color%22,%22icon_color%22,%22icon_color%22,%22icon_color%22,%22icon_color%22,%22icon_color%22,%22icon_color%22,%22icon_color%22,%22icon_color%22,%22icon_color%22,%22icon_color%22,%22icon_color%22,%22icon_color%22,%22icon_color%22,%22icon_color%22,%22icon_color%22,%22icon_color%22%93,%22gcid-7cadd8b3-5228-48e4-90c4-212d09232f7b%22:%91%22header_text_color%22,%22header_text_color%22,%22header_text_color%22,%22header_text_color%22,%22header_text_color%22,%22header_text_color%22,%22header_text_color%22,%22header_text_color%22,%22header_text_color%22,%22header_text_color%22,%22header_text_color%22,%22header_text_color%22%93,%22gcid-79b39b81-644f-4ab7-865f-b460373c4fde%22:%91%22position_text_color%22,%22position_text_color%22,%22position_text_color%22,%22position_text_color%22%93}&#8221; sticky_enabled=&#8221;0&#8243;]<\/p>\n<p><strong>Neo Ortho Gdynia<\/strong><\/p>\n<p>[\/et_pb_team_member][\/et_pb_column][et_pb_column type=&#8221;1_5&#8243; _builder_version=&#8221;4.17.1&#8243; _module_preset=&#8221;73121f80-a3ef-4484-8763-c3f18e3c56d2&#8243; global_colors_info=&#8221;{}&#8221;][et_pb_team_member name=&#8221;Urszula Kania&#8221; position=&#8221;in\u017cynier biomedyczny specjalistka w zakresie analizy chodu&#8221; image_url=&#8221;https:\/\/www.neoortho.pl\/wp-content\/uploads\/2025\/10\/2.png&#8221; _builder_version=&#8221;4.27.4&#8243; _module_preset=&#8221;d72acfcc-77a9-4562-9787-281e412bdede&#8221; header_font_size=&#8221;18px&#8221; custom_padding=&#8221;20px|20px|20px|20px|true|true&#8221; header_font_size_tablet=&#8221;16px&#8221; header_font_size_phone=&#8221;16px&#8221; header_font_size_last_edited=&#8221;on|desktop&#8221; box_shadow_style=&#8221;preset1&#8243; box_shadow_vertical=&#8221;24px&#8221; box_shadow_blur=&#8221;72px&#8221; box_shadow_spread=&#8221;-12px&#8221; box_shadow_color=&#8221;rgba(0,0,0,0.12)&#8221; locked=&#8221;off&#8221; global_colors_info=&#8221;{%22gcid-36fd78a7-34bc-404d-873c-dafa34efaae5%22:%91%22icon_color%22,%22icon_color%22,%22icon_color%22,%22icon_color%22,%22icon_color%22,%22icon_color%22,%22icon_color%22,%22icon_color%22,%22icon_color%22,%22icon_color%22,%22icon_color%22,%22icon_color%22,%22icon_color%22,%22icon_color%22,%22icon_color%22,%22icon_color%22,%22icon_color%22,%22icon_color%22,%22icon_color%22,%22icon_color%22,%22icon_color%22,%22icon_color%22,%22icon_color%22,%22icon_color%22,%22icon_color%22,%22icon_color%22,%22icon_color%22,%22icon_color%22,%22icon_color%22,%22icon_color%22,%22icon_color%22,%22icon_color%22,%22icon_color%22,%22icon_color%22,%22icon_color%22,%22icon_color%22,%22icon_color%22,%22icon_color%22,%22icon_color%22,%22icon_color%22%93,%22gcid-7cadd8b3-5228-48e4-90c4-212d09232f7b%22:%91%22header_text_color%22,%22header_text_color%22,%22header_text_color%22,%22header_text_color%22,%22header_text_color%22,%22header_text_color%22,%22header_text_color%22,%22header_text_color%22,%22header_text_color%22,%22header_text_color%22,%22header_text_color%22,%22header_text_color%22%93,%22gcid-79b39b81-644f-4ab7-865f-b460373c4fde%22:%91%22position_text_color%22,%22position_text_color%22,%22position_text_color%22,%22position_text_color%22%93}&#8221;][\/et_pb_team_member][\/et_pb_column][et_pb_column type=&#8221;1_5&#8243; _builder_version=&#8221;4.17.1&#8243; _module_preset=&#8221;73121f80-a3ef-4484-8763-c3f18e3c56d2&#8243; global_colors_info=&#8221;{}&#8221;][et_pb_team_member name=&#8221;Mateusz Karczmarczyk&#8221; position=&#8221;technik ortopeda specjalista od wad kr\u0119gos\u0142upa&#8221; image_url=&#8221;https:\/\/www.neoortho.pl\/wp-content\/uploads\/2025\/10\/1.png&#8221; _builder_version=&#8221;4.27.4&#8243; _module_preset=&#8221;d72acfcc-77a9-4562-9787-281e412bdede&#8221; header_font_size=&#8221;18px&#8221; custom_padding=&#8221;20px|20px|20px|20px|true|true&#8221; header_font_size_tablet=&#8221;16px&#8221; header_font_size_phone=&#8221;16px&#8221; header_font_size_last_edited=&#8221;on|desktop&#8221; box_shadow_style=&#8221;preset1&#8243; box_shadow_vertical=&#8221;24px&#8221; box_shadow_blur=&#8221;72px&#8221; box_shadow_spread=&#8221;-12px&#8221; box_shadow_color=&#8221;rgba(0,0,0,0.12)&#8221; locked=&#8221;off&#8221; global_colors_info=&#8221;{%22gcid-36fd78a7-34bc-404d-873c-dafa34efaae5%22:%91%22icon_color%22,%22icon_color%22,%22icon_color%22,%22icon_color%22,%22icon_color%22,%22icon_color%22,%22icon_color%22,%22icon_color%22,%22icon_color%22,%22icon_color%22,%22icon_color%22,%22icon_color%22,%22icon_color%22,%22icon_color%22,%22icon_color%22,%22icon_color%22,%22icon_color%22,%22icon_color%22,%22icon_color%22,%22icon_color%22,%22icon_color%22,%22icon_color%22,%22icon_color%22,%22icon_color%22,%22icon_color%22,%22icon_color%22,%22icon_color%22,%22icon_color%22,%22icon_color%22,%22icon_color%22,%22icon_color%22,%22icon_color%22,%22icon_color%22,%22icon_color%22,%22icon_color%22,%22icon_color%22,%22icon_color%22,%22icon_color%22,%22icon_color%22,%22icon_color%22%93,%22gcid-7cadd8b3-5228-48e4-90c4-212d09232f7b%22:%91%22header_text_color%22,%22header_text_color%22,%22header_text_color%22,%22header_text_color%22,%22header_text_color%22,%22header_text_color%22,%22header_text_color%22,%22header_text_color%22,%22header_text_color%22,%22header_text_color%22,%22header_text_color%22,%22header_text_color%22%93,%22gcid-79b39b81-644f-4ab7-865f-b460373c4fde%22:%91%22position_text_color%22,%22position_text_color%22,%22position_text_color%22,%22position_text_color%22%93}&#8221;][\/et_pb_team_member][\/et_pb_column][et_pb_column type=&#8221;1_5&#8243; _builder_version=&#8221;4.17.1&#8243; _module_preset=&#8221;73121f80-a3ef-4484-8763-c3f18e3c56d2&#8243; global_colors_info=&#8221;{}&#8221;][et_pb_team_member name=&#8221;Dominik Sulej&#8221; position=&#8221;technik&#8221; image_url=&#8221;https:\/\/www.neoortho.pl\/wp-content\/uploads\/2025\/10\/1.png&#8221; _builder_version=&#8221;4.27.4&#8243; _module_preset=&#8221;d72acfcc-77a9-4562-9787-281e412bdede&#8221; header_font_size=&#8221;18px&#8221; custom_padding=&#8221;20px|20px|20px|20px|true|true&#8221; header_font_size_tablet=&#8221;16px&#8221; header_font_size_phone=&#8221;16px&#8221; header_font_size_last_edited=&#8221;on|desktop&#8221; box_shadow_style=&#8221;preset1&#8243; box_shadow_vertical=&#8221;24px&#8221; box_shadow_blur=&#8221;72px&#8221; box_shadow_spread=&#8221;-12px&#8221; box_shadow_color=&#8221;rgba(0,0,0,0.12)&#8221; locked=&#8221;off&#8221; global_colors_info=&#8221;{%22gcid-36fd78a7-34bc-404d-873c-dafa34efaae5%22:%91%22icon_color%22,%22icon_color%22,%22icon_color%22,%22icon_color%22,%22icon_color%22,%22icon_color%22,%22icon_color%22,%22icon_color%22,%22icon_color%22,%22icon_color%22,%22icon_color%22,%22icon_color%22,%22icon_color%22,%22icon_color%22,%22icon_color%22,%22icon_color%22,%22icon_color%22,%22icon_color%22,%22icon_color%22,%22icon_color%22,%22icon_color%22,%22icon_color%22,%22icon_color%22,%22icon_color%22,%22icon_color%22,%22icon_color%22,%22icon_color%22,%22icon_color%22,%22icon_color%22,%22icon_color%22,%22icon_color%22,%22icon_color%22,%22icon_color%22,%22icon_color%22,%22icon_color%22,%22icon_color%22,%22icon_color%22,%22icon_color%22,%22icon_color%22,%22icon_color%22%93,%22gcid-7cadd8b3-5228-48e4-90c4-212d09232f7b%22:%91%22header_text_color%22,%22header_text_color%22,%22header_text_color%22,%22header_text_color%22,%22header_text_color%22,%22header_text_color%22,%22header_text_color%22,%22header_text_color%22,%22header_text_color%22,%22header_text_color%22,%22header_text_color%22,%22header_text_color%22%93,%22gcid-79b39b81-644f-4ab7-865f-b460373c4fde%22:%91%22position_text_color%22,%22position_text_color%22,%22position_text_color%22,%22position_text_color%22%93}&#8221;][\/et_pb_team_member][\/et_pb_column][\/et_pb_row][\/et_pb_section][et_pb_section fb_built=&#8221;1&#8243; admin_label=&#8221;Call to Action&#8221; _builder_version=&#8221;4.23.1&#8243; _module_preset=&#8221;default&#8221; locked=&#8221;off&#8221; collapsed=&#8221;on&#8221; global_colors_info=&#8221;{}&#8221;][et_pb_row _builder_version=&#8221;4.24.3&#8243; _module_preset=&#8221;5138c454-be54-4233-bd3b-f8e6a8747976&#8243; global_colors_info=&#8221;{}&#8221;][et_pb_column type=&#8221;4_4&#8243; _builder_version=&#8221;4.24.3&#8243; _module_preset=&#8221;73121f80-a3ef-4484-8763-c3f18e3c56d2&#8243; global_colors_info=&#8221;{}&#8221;][et_pb_cta title=&#8221;Skontaktuj si\u0119 z nami ju\u017c dzi\u015b!&#8221; button_url=&#8221;@ET-DC@eyJkeW5hbWljIjp0cnVlLCJjb250ZW50IjoicG9zdF9saW5rX3VybF9wYWdlIiwic2V0dGluZ3MiOnsicG9zdF9pZCI6IjE5NCJ9fQ==@&#8221; button_text=&#8221;Um\u00f3w si\u0119 na konsultacj\u0119&#8221; _builder_version=&#8221;4.27.4&#8243; _dynamic_attributes=&#8221;button_url&#8221; _module_preset=&#8221;0cae81ab-7223-4b50-8e71-bfb309c58c86&#8243; background_enable_color=&#8221;off&#8221; use_background_color_gradient=&#8221;on&#8221; background_color_gradient_stops=&#8221;rgba(0,0,0,0.75) 0%|rgba(0,0,0,0.75) 100%&#8221; background_color_gradient_overlays_image=&#8221;on&#8221; background_image=&#8221;https:\/\/www.neoortho.pl\/wp-content\/uploads\/2025\/08\/IMG_1462-scaled.jpg&#8221; custom_padding=&#8221;5vw|60px|5vw|60px|true|true&#8221; custom_padding_tablet=&#8221;|30px||30px|true|true&#8221; custom_padding_phone=&#8221;|20px||20px|true|true&#8221; custom_padding_last_edited=&#8221;on|desktop&#8221; locked=&#8221;off&#8221; global_colors_info=&#8221;{}&#8221; text_font_size_tablet=&#8221;16px&#8221; text_font_size_phone=&#8221;14px&#8221; text_font_size_last_edited=&#8221;on|phone&#8221;]<\/p>\n<p>Chcesz dowiedzie\u0107 si\u0119 wi\u0119cej o tym, jak mo\u017cemy pom\u00f3c w poprawie Twojego komfortu \u017cycia? Nasz zesp\u00f3\u0142 ekspert\u00f3w w neo ortho jest gotowy, aby odpowiedzie\u0107 na wszystkie Twoje pytania i zaproponowa\u0107 rozwi\u0105zania dostosowane do Twoich potrzeb. Nie czekaj, zr\u00f3b pierwszy krok ku lepszemu samopoczuciu i skontaktuj si\u0119 z nami, aby um\u00f3wi\u0107 si\u0119 na konsultacj\u0119. Wsp\u00f3lnie znajdziemy najlepsze rozwi\u0105zanie dla Ciebie!<\/p>\n<p>[\/et_pb_cta][\/et_pb_column][\/et_pb_row][\/et_pb_section]<\/p>\n","protected":false},"excerpt":{"rendered":"<p>Neo Ortho to rodzinna pracownia ortopedyczna, kt\u00f3ra powsta\u0142a z pasji do tworzenia wyrob\u00f3w \u0142\u0105cz\u0105cych funkcjonalno\u015b\u0107, skuteczno\u015b\u0107 i estetyk\u0119. Nasz\u0105 specjalno\u015bci\u0105 s\u0105 indywidualnie wykonywane ortezy i gorsety ortopedyczne, kt\u00f3re nie tylko wspieraj\u0105 zdrowie, ale r\u00f3wnie\u017c ciesz\u0105 oko swoim wygl\u0105dem. Nasze podej\u015bcie W Neo Ortho wierzymy, \u017ce technika ortopedyczna to sztuka, kt\u00f3ra powinna \u0142\u0105czy\u0107 wymagania kliniczne z [&hellip;]<\/p>\n","protected":false},"author":1,"featured_media":0,"parent":0,"menu_order":0,"comment_status":"closed","ping_status":"closed","template":"","meta":{"_et_pb_use_builder":"on","_et_pb_old_content":"","_et_gb_content_width":"","footnotes":""},"class_list":["post-192","page","type-page","status-publish","hentry"],"_links":{"self":[{"href":"https:\/\/www.neoortho.pl\/index.php\/wp-json\/wp\/v2\/pages\/192","targetHints":{"allow":["GET"]}}],"collection":[{"href":"https:\/\/www.neoortho.pl\/index.php\/wp-json\/wp\/v2\/pages"}],"about":[{"href":"https:\/\/www.neoortho.pl\/index.php\/wp-json\/wp\/v2\/types\/page"}],"author":[{"embeddable":true,"href":"https:\/\/www.neoortho.pl\/index.php\/wp-json\/wp\/v2\/users\/1"}],"replies":[{"embeddable":true,"href":"https:\/\/www.neoortho.pl\/index.php\/wp-json\/wp\/v2\/comments?post=192"}],"version-history":[{"count":18,"href":"https:\/\/www.neoortho.pl\/index.php\/wp-json\/wp\/v2\/pages\/192\/revisions"}],"predecessor-version":[{"id":764,"href":"https:\/\/www.neoortho.pl\/index.php\/wp-json\/wp\/v2\/pages\/192\/revisions\/764"}],"wp:attachment":[{"href":"https:\/\/www.neoortho.pl\/index.php\/wp-json\/wp\/v2\/media?parent=192"}],"curies":[{"name":"wp","href":"https:\/\/api.w.org\/{rel}","templated":true}]}}